{"id":68866,"date":"2025-09-19T11:45:05","date_gmt":"2025-09-19T15:45:05","guid":{"rendered":"http:\/\/gblcnzg.cluster051.hosting.ovh.net\/post-a-job-or-internship-offer\/"},"modified":"2026-01-19T08:15:30","modified_gmt":"2026-01-19T13:15:30","slug":"post","status":"publish","type":"page","link":"https:\/\/digital.hec.ca\/en\/digital-jobs\/post\/","title":{"rendered":"Post a job or internship offer"},"content":{"rendered":"","protected":false},"excerpt":{"rendered":"","protected":false},"author":1077,"featured_media":0,"parent":68828,"menu_order":0,"comment_status":"closed","ping_status":"closed","template":"","meta":{"_acf_changed":false,"footnotes":""},"class_list":["post-68866","page","type-page","status-publish","hentry"],"acf":[],"yoast_head":"<!-- This site is optimized with the Yoast SEO plugin v27.3 - https:\/\/yoast.com\/product\/yoast-seo-wordpress\/ -->\n<title>Post a job or internship offer in digital marketing | HEC Montr\u00e9al<\/title>\n<meta name=\"description\" content=\"Recruiters, post your job opening on our portal. Access a qualified talent pool of digital experts and graduates from HEC Montr\u00e9al.\" \/>\n<meta name=\"robots\" content=\"index, follow, max-snippet:-1, max-image-preview:large, max-video-preview:-1\" \/>\n<link rel=\"canonical\" href=\"https:\/\/digital.hec.ca\/en\/digital-jobs\/post\/\" \/>\n<meta property=\"og:locale\" content=\"en_US\" \/>\n<meta property=\"og:type\" content=\"article\" \/>\n<meta property=\"og:title\" content=\"Post a job or internship offer in digital marketing | HEC Montr\u00e9al\" \/>\n<meta property=\"og:description\" content=\"Recruiters, post your job opening on our portal. Access a qualified talent pool of digital experts and graduates from HEC Montr\u00e9al.\" \/>\n<meta property=\"og:url\" content=\"https:\/\/digital.hec.ca\/en\/digital-jobs\/post\/\" \/>\n<meta property=\"og:site_name\" content=\"Marketing num\u00e9rique | Digital Marketing | HEC Montr\u00e9al\" \/>\n<meta property=\"article:publisher\" content=\"https:\/\/fr-ca.facebook.com\/HECMontreal\/\" \/>\n<meta property=\"article:modified_time\" content=\"2026-01-19T13:15:30+00:00\" \/>\n<meta property=\"og:image\" content=\"https:\/\/digital.hec.ca\/wp-content\/uploads\/2025\/09\/Cover.png\" \/>\n\t<meta property=\"og:image:width\" content=\"1200\" \/>\n\t<meta property=\"og:image:height\" content=\"628\" \/>\n\t<meta property=\"og:image:type\" content=\"image\/png\" \/>\n<meta name=\"twitter:card\" content=\"summary_large_image\" \/>\n<script type=\"application\/ld+json\" class=\"yoast-schema-graph\">{\"@context\":\"https:\\\/\\\/schema.org\",\"@graph\":[{\"@type\":\"WebPage\",\"@id\":\"https:\\\/\\\/digital.hec.ca\\\/en\\\/digital-jobs\\\/post\\\/\",\"url\":\"https:\\\/\\\/digital.hec.ca\\\/en\\\/digital-jobs\\\/post\\\/\",\"name\":\"Post a job or internship offer in digital marketing | HEC Montr\u00e9al\",\"isPartOf\":{\"@id\":\"https:\\\/\\\/digital.hec.ca\\\/en\\\/#website\"},\"datePublished\":\"2025-09-19T15:45:05+00:00\",\"dateModified\":\"2026-01-19T13:15:30+00:00\",\"description\":\"Recruiters, post your job opening on our portal. Access a qualified talent pool of digital experts and graduates from HEC Montr\u00e9al.\",\"breadcrumb\":{\"@id\":\"https:\\\/\\\/digital.hec.ca\\\/en\\\/digital-jobs\\\/post\\\/#breadcrumb\"},\"inLanguage\":\"en-US\",\"potentialAction\":[{\"@type\":\"ReadAction\",\"target\":[\"https:\\\/\\\/digital.hec.ca\\\/en\\\/digital-jobs\\\/post\\\/\"]}]},{\"@type\":\"BreadcrumbList\",\"@id\":\"https:\\\/\\\/digital.hec.ca\\\/en\\\/digital-jobs\\\/post\\\/#breadcrumb\",\"itemListElement\":[{\"@type\":\"ListItem\",\"position\":1,\"name\":\"Accueil\",\"item\":\"https:\\\/\\\/digital.hec.ca\\\/en\\\/\"},{\"@type\":\"ListItem\",\"position\":2,\"name\":\"Digital jobs\",\"item\":\"https:\\\/\\\/digital.hec.ca\\\/en\\\/digital-jobs\\\/\"},{\"@type\":\"ListItem\",\"position\":3,\"name\":\"Post a job or internship offer\"}]},{\"@type\":\"WebSite\",\"@id\":\"https:\\\/\\\/digital.hec.ca\\\/en\\\/#website\",\"url\":\"https:\\\/\\\/digital.hec.ca\\\/en\\\/\",\"name\":\"Marketing num\u00e9rique | Digital Marketing | HEC Montr\u00e9al\",\"description\":\"Fait par des \u00e9tudiants pour des \u00e9tudiants\",\"publisher\":{\"@id\":\"https:\\\/\\\/digital.hec.ca\\\/en\\\/#organization\"},\"potentialAction\":[{\"@type\":\"SearchAction\",\"target\":{\"@type\":\"EntryPoint\",\"urlTemplate\":\"https:\\\/\\\/digital.hec.ca\\\/en\\\/?s={search_term_string}\"},\"query-input\":{\"@type\":\"PropertyValueSpecification\",\"valueRequired\":true,\"valueName\":\"search_term_string\"}}],\"inLanguage\":\"en-US\"},{\"@type\":\"Organization\",\"@id\":\"https:\\\/\\\/digital.hec.ca\\\/en\\\/#organization\",\"name\":\"HEC Montr\u00e9al\",\"url\":\"https:\\\/\\\/digital.hec.ca\\\/en\\\/\",\"logo\":{\"@type\":\"ImageObject\",\"inLanguage\":\"en-US\",\"@id\":\"https:\\\/\\\/digital.hec.ca\\\/en\\\/#\\\/schema\\\/logo\\\/image\\\/\",\"url\":\"https:\\\/\\\/digital.hec.ca\\\/wp-content\\\/uploads\\\/2025\\\/09\\\/Favicone.png\",\"contentUrl\":\"https:\\\/\\\/digital.hec.ca\\\/wp-content\\\/uploads\\\/2025\\\/09\\\/Favicone.png\",\"width\":512,\"height\":512,\"caption\":\"HEC Montr\u00e9al\"},\"image\":{\"@id\":\"https:\\\/\\\/digital.hec.ca\\\/en\\\/#\\\/schema\\\/logo\\\/image\\\/\"},\"sameAs\":[\"https:\\\/\\\/fr-ca.facebook.com\\\/HECMontreal\\\/\",\"https:\\\/\\\/www.youtube.com\\\/user\\\/HECMontreal\"]}]}<\/script>\n<!-- \/ Yoast SEO plugin. -->","yoast_head_json":{"title":"Post a job or internship offer in digital marketing | HEC Montr\u00e9al","description":"Recruiters, post your job opening on our portal. Access a qualified talent pool of digital experts and graduates from HEC Montr\u00e9al.","robots":{"index":"index","follow":"follow","max-snippet":"max-snippet:-1","max-image-preview":"max-image-preview:large","max-video-preview":"max-video-preview:-1"},"canonical":"https:\/\/digital.hec.ca\/en\/digital-jobs\/post\/","og_locale":"en_US","og_type":"article","og_title":"Post a job or internship offer in digital marketing | HEC Montr\u00e9al","og_description":"Recruiters, post your job opening on our portal. Access a qualified talent pool of digital experts and graduates from HEC Montr\u00e9al.","og_url":"https:\/\/digital.hec.ca\/en\/digital-jobs\/post\/","og_site_name":"Marketing num\u00e9rique | Digital Marketing | HEC Montr\u00e9al","article_publisher":"https:\/\/fr-ca.facebook.com\/HECMontreal\/","article_modified_time":"2026-01-19T13:15:30+00:00","og_image":[{"width":1200,"height":628,"url":"https:\/\/digital.hec.ca\/wp-content\/uploads\/2025\/09\/Cover.png","type":"image\/png"}],"twitter_card":"summary_large_image","schema":{"@context":"https:\/\/schema.org","@graph":[{"@type":"WebPage","@id":"https:\/\/digital.hec.ca\/en\/digital-jobs\/post\/","url":"https:\/\/digital.hec.ca\/en\/digital-jobs\/post\/","name":"Post a job or internship offer in digital marketing | HEC Montr\u00e9al","isPartOf":{"@id":"https:\/\/digital.hec.ca\/en\/#website"},"datePublished":"2025-09-19T15:45:05+00:00","dateModified":"2026-01-19T13:15:30+00:00","description":"Recruiters, post your job opening on our portal. Access a qualified talent pool of digital experts and graduates from HEC Montr\u00e9al.","breadcrumb":{"@id":"https:\/\/digital.hec.ca\/en\/digital-jobs\/post\/#breadcrumb"},"inLanguage":"en-US","potentialAction":[{"@type":"ReadAction","target":["https:\/\/digital.hec.ca\/en\/digital-jobs\/post\/"]}]},{"@type":"BreadcrumbList","@id":"https:\/\/digital.hec.ca\/en\/digital-jobs\/post\/#breadcrumb","itemListElement":[{"@type":"ListItem","position":1,"name":"Accueil","item":"https:\/\/digital.hec.ca\/en\/"},{"@type":"ListItem","position":2,"name":"Digital jobs","item":"https:\/\/digital.hec.ca\/en\/digital-jobs\/"},{"@type":"ListItem","position":3,"name":"Post a job or internship offer"}]},{"@type":"WebSite","@id":"https:\/\/digital.hec.ca\/en\/#website","url":"https:\/\/digital.hec.ca\/en\/","name":"Marketing num\u00e9rique | Digital Marketing | HEC Montr\u00e9al","description":"Fait par des \u00e9tudiants pour des \u00e9tudiants","publisher":{"@id":"https:\/\/digital.hec.ca\/en\/#organization"},"potentialAction":[{"@type":"SearchAction","target":{"@type":"EntryPoint","urlTemplate":"https:\/\/digital.hec.ca\/en\/?s={search_term_string}"},"query-input":{"@type":"PropertyValueSpecification","valueRequired":true,"valueName":"search_term_string"}}],"inLanguage":"en-US"},{"@type":"Organization","@id":"https:\/\/digital.hec.ca\/en\/#organization","name":"HEC Montr\u00e9al","url":"https:\/\/digital.hec.ca\/en\/","logo":{"@type":"ImageObject","inLanguage":"en-US","@id":"https:\/\/digital.hec.ca\/en\/#\/schema\/logo\/image\/","url":"https:\/\/digital.hec.ca\/wp-content\/uploads\/2025\/09\/Favicone.png","contentUrl":"https:\/\/digital.hec.ca\/wp-content\/uploads\/2025\/09\/Favicone.png","width":512,"height":512,"caption":"HEC Montr\u00e9al"},"image":{"@id":"https:\/\/digital.hec.ca\/en\/#\/schema\/logo\/image\/"},"sameAs":["https:\/\/fr-ca.facebook.com\/HECMontreal\/","https:\/\/www.youtube.com\/user\/HECMontreal"]}]}},"_links":{"self":[{"href":"https:\/\/digital.hec.ca\/en\/wp-json\/wp\/v2\/pages\/68866","targetHints":{"allow":["GET"]}}],"collection":[{"href":"https:\/\/digital.hec.ca\/en\/wp-json\/wp\/v2\/pages"}],"about":[{"href":"https:\/\/digital.hec.ca\/en\/wp-json\/wp\/v2\/types\/page"}],"author":[{"embeddable":true,"href":"https:\/\/digital.hec.ca\/en\/wp-json\/wp\/v2\/users\/1077"}],"replies":[{"embeddable":true,"href":"https:\/\/digital.hec.ca\/en\/wp-json\/wp\/v2\/comments?post=68866"}],"version-history":[{"count":5,"href":"https:\/\/digital.hec.ca\/en\/wp-json\/wp\/v2\/pages\/68866\/revisions"}],"predecessor-version":[{"id":74252,"href":"https:\/\/digital.hec.ca\/en\/wp-json\/wp\/v2\/pages\/68866\/revisions\/74252"}],"up":[{"embeddable":true,"href":"https:\/\/digital.hec.ca\/en\/wp-json\/wp\/v2\/pages\/68828"}],"wp:attachment":[{"href":"https:\/\/digital.hec.ca\/en\/wp-json\/wp\/v2\/media?parent=68866"}],"curies":[{"name":"wp","href":"https:\/\/api.w.org\/{rel}","templated":true}]}}