{"id":68810,"date":"2025-09-18T18:26:06","date_gmt":"2025-09-18T22:26:06","guid":{"rendered":"http:\/\/gblcnzg.cluster051.hosting.ovh.net\/why-choose-the-m-sc-in-business-intelligence-at-hec-montreal\/"},"modified":"2025-10-20T11:51:21","modified_gmt":"2025-10-20T15:51:21","slug":"business-intelligence","status":"publish","type":"page","link":"https:\/\/digital.hec.ca\/en\/digital-hec-montreal\/masters\/business-intelligence\/","title":{"rendered":"Why choose the M.Sc. in Business Intelligence at HEC Montr\u00e9al?"},"content":{"rendered":"","protected":false},"excerpt":{"rendered":"","protected":false},"author":1077,"featured_media":0,"parent":68806,"menu_order":0,"comment_status":"closed","ping_status":"closed","template":"","meta":{"_acf_changed":false,"footnotes":""},"class_list":["post-68810","page","type-page","status-publish","hentry"],"acf":[],"yoast_head":"<!-- This site is optimized with the Yoast SEO plugin v27.3 - https:\/\/yoast.com\/product\/yoast-seo-wordpress\/ -->\n<title>Master&#039;s degree in business intelligence | HEC Montr\u00e9al<\/title>\n<meta name=\"description\" content=\"Master your data with the Business Intelligence Master&#039;s program at HEC Montr\u00e9al. A strategic program to turn data into actionable decisions.\" \/>\n<meta name=\"robots\" content=\"index, follow, max-snippet:-1, max-image-preview:large, max-video-preview:-1\" \/>\n<link rel=\"canonical\" href=\"https:\/\/digital.hec.ca\/en\/digital-hec-montreal\/masters\/business-intelligence\/\" \/>\n<meta property=\"og:locale\" content=\"en_US\" \/>\n<meta property=\"og:type\" content=\"article\" \/>\n<meta property=\"og:title\" content=\"Master&#039;s degree in business intelligence | HEC Montr\u00e9al\" \/>\n<meta property=\"og:description\" content=\"Master your data with the Business Intelligence Master&#039;s program at HEC Montr\u00e9al. A strategic program to turn data into actionable decisions.\" \/>\n<meta property=\"og:url\" content=\"https:\/\/digital.hec.ca\/en\/digital-hec-montreal\/masters\/business-intelligence\/\" \/>\n<meta property=\"og:site_name\" content=\"Marketing num\u00e9rique | Digital Marketing | HEC Montr\u00e9al\" \/>\n<meta property=\"article:publisher\" content=\"https:\/\/fr-ca.facebook.com\/HECMontreal\/\" \/>\n<meta property=\"article:modified_time\" content=\"2025-10-20T15:51:21+00:00\" \/>\n<meta property=\"og:image\" content=\"https:\/\/digital.hec.ca\/wp-content\/uploads\/2025\/09\/Cover.png\" \/>\n\t<meta property=\"og:image:width\" content=\"1200\" \/>\n\t<meta property=\"og:image:height\" content=\"628\" \/>\n\t<meta property=\"og:image:type\" content=\"image\/png\" \/>\n<meta name=\"twitter:card\" content=\"summary_large_image\" \/>\n<script type=\"application\/ld+json\" class=\"yoast-schema-graph\">{\"@context\":\"https:\\\/\\\/schema.org\",\"@graph\":[{\"@type\":\"WebPage\",\"@id\":\"https:\\\/\\\/digital.hec.ca\\\/en\\\/digital-hec-montreal\\\/masters\\\/business-intelligence\\\/\",\"url\":\"https:\\\/\\\/digital.hec.ca\\\/en\\\/digital-hec-montreal\\\/masters\\\/business-intelligence\\\/\",\"name\":\"Master's degree in business intelligence | HEC Montr\u00e9al\",\"isPartOf\":{\"@id\":\"https:\\\/\\\/digital.hec.ca\\\/en\\\/#website\"},\"datePublished\":\"2025-09-18T22:26:06+00:00\",\"dateModified\":\"2025-10-20T15:51:21+00:00\",\"description\":\"Master your data with the Business Intelligence Master's program at HEC Montr\u00e9al. A strategic program to turn data into actionable decisions.\",\"breadcrumb\":{\"@id\":\"https:\\\/\\\/digital.hec.ca\\\/en\\\/digital-hec-montreal\\\/masters\\\/business-intelligence\\\/#breadcrumb\"},\"inLanguage\":\"en-US\",\"potentialAction\":[{\"@type\":\"ReadAction\",\"target\":[\"https:\\\/\\\/digital.hec.ca\\\/en\\\/digital-hec-montreal\\\/masters\\\/business-intelligence\\\/\"]}]},{\"@type\":\"BreadcrumbList\",\"@id\":\"https:\\\/\\\/digital.hec.ca\\\/en\\\/digital-hec-montreal\\\/masters\\\/business-intelligence\\\/#breadcrumb\",\"itemListElement\":[{\"@type\":\"ListItem\",\"position\":1,\"name\":\"Accueil\",\"item\":\"https:\\\/\\\/digital.hec.ca\\\/en\\\/\"},{\"@type\":\"ListItem\",\"position\":2,\"name\":\"Digital at HEC Montr\u00e9al\",\"item\":\"https:\\\/\\\/digital.hec.ca\\\/en\\\/digital-hec-montreal\\\/\"},{\"@type\":\"ListItem\",\"position\":3,\"name\":\"Why choose the Master&#8217;s program at HEC Montr\u00e9al?\",\"item\":\"https:\\\/\\\/digital.hec.ca\\\/en\\\/digital-hec-montreal\\\/masters\\\/\"},{\"@type\":\"ListItem\",\"position\":4,\"name\":\"Why choose the M.Sc. in Business Intelligence at HEC Montr\u00e9al?\"}]},{\"@type\":\"WebSite\",\"@id\":\"https:\\\/\\\/digital.hec.ca\\\/en\\\/#website\",\"url\":\"https:\\\/\\\/digital.hec.ca\\\/en\\\/\",\"name\":\"Marketing num\u00e9rique | Digital Marketing | HEC Montr\u00e9al\",\"description\":\"Fait par des \u00e9tudiants pour des \u00e9tudiants\",\"publisher\":{\"@id\":\"https:\\\/\\\/digital.hec.ca\\\/en\\\/#organization\"},\"potentialAction\":[{\"@type\":\"SearchAction\",\"target\":{\"@type\":\"EntryPoint\",\"urlTemplate\":\"https:\\\/\\\/digital.hec.ca\\\/en\\\/?s={search_term_string}\"},\"query-input\":{\"@type\":\"PropertyValueSpecification\",\"valueRequired\":true,\"valueName\":\"search_term_string\"}}],\"inLanguage\":\"en-US\"},{\"@type\":\"Organization\",\"@id\":\"https:\\\/\\\/digital.hec.ca\\\/en\\\/#organization\",\"name\":\"HEC Montr\u00e9al\",\"url\":\"https:\\\/\\\/digital.hec.ca\\\/en\\\/\",\"logo\":{\"@type\":\"ImageObject\",\"inLanguage\":\"en-US\",\"@id\":\"https:\\\/\\\/digital.hec.ca\\\/en\\\/#\\\/schema\\\/logo\\\/image\\\/\",\"url\":\"https:\\\/\\\/digital.hec.ca\\\/wp-content\\\/uploads\\\/2025\\\/09\\\/Favicone.png\",\"contentUrl\":\"https:\\\/\\\/digital.hec.ca\\\/wp-content\\\/uploads\\\/2025\\\/09\\\/Favicone.png\",\"width\":512,\"height\":512,\"caption\":\"HEC Montr\u00e9al\"},\"image\":{\"@id\":\"https:\\\/\\\/digital.hec.ca\\\/en\\\/#\\\/schema\\\/logo\\\/image\\\/\"},\"sameAs\":[\"https:\\\/\\\/fr-ca.facebook.com\\\/HECMontreal\\\/\",\"https:\\\/\\\/www.youtube.com\\\/user\\\/HECMontreal\"]}]}<\/script>\n<!-- \/ Yoast SEO plugin. -->","yoast_head_json":{"title":"Master's degree in business intelligence | HEC Montr\u00e9al","description":"Master your data with the Business Intelligence Master's program at HEC Montr\u00e9al. A strategic program to turn data into actionable decisions.","robots":{"index":"index","follow":"follow","max-snippet":"max-snippet:-1","max-image-preview":"max-image-preview:large","max-video-preview":"max-video-preview:-1"},"canonical":"https:\/\/digital.hec.ca\/en\/digital-hec-montreal\/masters\/business-intelligence\/","og_locale":"en_US","og_type":"article","og_title":"Master's degree in business intelligence | HEC Montr\u00e9al","og_description":"Master your data with the Business Intelligence Master's program at HEC Montr\u00e9al. A strategic program to turn data into actionable decisions.","og_url":"https:\/\/digital.hec.ca\/en\/digital-hec-montreal\/masters\/business-intelligence\/","og_site_name":"Marketing num\u00e9rique | Digital Marketing | HEC Montr\u00e9al","article_publisher":"https:\/\/fr-ca.facebook.com\/HECMontreal\/","article_modified_time":"2025-10-20T15:51:21+00:00","og_image":[{"width":1200,"height":628,"url":"https:\/\/digital.hec.ca\/wp-content\/uploads\/2025\/09\/Cover.png","type":"image\/png"}],"twitter_card":"summary_large_image","schema":{"@context":"https:\/\/schema.org","@graph":[{"@type":"WebPage","@id":"https:\/\/digital.hec.ca\/en\/digital-hec-montreal\/masters\/business-intelligence\/","url":"https:\/\/digital.hec.ca\/en\/digital-hec-montreal\/masters\/business-intelligence\/","name":"Master's degree in business intelligence | HEC Montr\u00e9al","isPartOf":{"@id":"https:\/\/digital.hec.ca\/en\/#website"},"datePublished":"2025-09-18T22:26:06+00:00","dateModified":"2025-10-20T15:51:21+00:00","description":"Master your data with the Business Intelligence Master's program at HEC Montr\u00e9al. A strategic program to turn data into actionable decisions.","breadcrumb":{"@id":"https:\/\/digital.hec.ca\/en\/digital-hec-montreal\/masters\/business-intelligence\/#breadcrumb"},"inLanguage":"en-US","potentialAction":[{"@type":"ReadAction","target":["https:\/\/digital.hec.ca\/en\/digital-hec-montreal\/masters\/business-intelligence\/"]}]},{"@type":"BreadcrumbList","@id":"https:\/\/digital.hec.ca\/en\/digital-hec-montreal\/masters\/business-intelligence\/#breadcrumb","itemListElement":[{"@type":"ListItem","position":1,"name":"Accueil","item":"https:\/\/digital.hec.ca\/en\/"},{"@type":"ListItem","position":2,"name":"Digital at HEC Montr\u00e9al","item":"https:\/\/digital.hec.ca\/en\/digital-hec-montreal\/"},{"@type":"ListItem","position":3,"name":"Why choose the Master&#8217;s program at HEC Montr\u00e9al?","item":"https:\/\/digital.hec.ca\/en\/digital-hec-montreal\/masters\/"},{"@type":"ListItem","position":4,"name":"Why choose the M.Sc. in Business Intelligence at HEC Montr\u00e9al?"}]},{"@type":"WebSite","@id":"https:\/\/digital.hec.ca\/en\/#website","url":"https:\/\/digital.hec.ca\/en\/","name":"Marketing num\u00e9rique | Digital Marketing | HEC Montr\u00e9al","description":"Fait par des \u00e9tudiants pour des \u00e9tudiants","publisher":{"@id":"https:\/\/digital.hec.ca\/en\/#organization"},"potentialAction":[{"@type":"SearchAction","target":{"@type":"EntryPoint","urlTemplate":"https:\/\/digital.hec.ca\/en\/?s={search_term_string}"},"query-input":{"@type":"PropertyValueSpecification","valueRequired":true,"valueName":"search_term_string"}}],"inLanguage":"en-US"},{"@type":"Organization","@id":"https:\/\/digital.hec.ca\/en\/#organization","name":"HEC Montr\u00e9al","url":"https:\/\/digital.hec.ca\/en\/","logo":{"@type":"ImageObject","inLanguage":"en-US","@id":"https:\/\/digital.hec.ca\/en\/#\/schema\/logo\/image\/","url":"https:\/\/digital.hec.ca\/wp-content\/uploads\/2025\/09\/Favicone.png","contentUrl":"https:\/\/digital.hec.ca\/wp-content\/uploads\/2025\/09\/Favicone.png","width":512,"height":512,"caption":"HEC Montr\u00e9al"},"image":{"@id":"https:\/\/digital.hec.ca\/en\/#\/schema\/logo\/image\/"},"sameAs":["https:\/\/fr-ca.facebook.com\/HECMontreal\/","https:\/\/www.youtube.com\/user\/HECMontreal"]}]}},"_links":{"self":[{"href":"https:\/\/digital.hec.ca\/en\/wp-json\/wp\/v2\/pages\/68810","targetHints":{"allow":["GET"]}}],"collection":[{"href":"https:\/\/digital.hec.ca\/en\/wp-json\/wp\/v2\/pages"}],"about":[{"href":"https:\/\/digital.hec.ca\/en\/wp-json\/wp\/v2\/types\/page"}],"author":[{"embeddable":true,"href":"https:\/\/digital.hec.ca\/en\/wp-json\/wp\/v2\/users\/1077"}],"replies":[{"embeddable":true,"href":"https:\/\/digital.hec.ca\/en\/wp-json\/wp\/v2\/comments?post=68810"}],"version-history":[{"count":3,"href":"https:\/\/digital.hec.ca\/en\/wp-json\/wp\/v2\/pages\/68810\/revisions"}],"predecessor-version":[{"id":69637,"href":"https:\/\/digital.hec.ca\/en\/wp-json\/wp\/v2\/pages\/68810\/revisions\/69637"}],"up":[{"embeddable":true,"href":"https:\/\/digital.hec.ca\/en\/wp-json\/wp\/v2\/pages\/68806"}],"wp:attachment":[{"href":"https:\/\/digital.hec.ca\/en\/wp-json\/wp\/v2\/media?parent=68810"}],"curies":[{"name":"wp","href":"https:\/\/api.w.org\/{rel}","templated":true}]}}